{"id":5,"date":"2017-11-02T12:34:50","date_gmt":"2017-11-02T12:34:50","guid":{"rendered":"https:\/\/jck.nu\/?page_id=5"},"modified":"2017-11-02T12:45:10","modified_gmt":"2017-11-02T12:45:10","slug":"om-oss","status":"publish","type":"page","link":"https:\/\/jck.nu\/?page_id=5","title":{"rendered":"Om oss"},"content":{"rendered":"<p><a href=\"https:\/\/jck.nu\/wp-content\/uploads\/2017\/11\/verkstad.jpg\"><img decoding=\"async\" loading=\"lazy\" class=\"alignnone size-medium wp-image-12\" src=\"https:\/\/jck.nu\/wp-content\/uploads\/2017\/11\/verkstad-300x225.jpg\" alt=\"\" width=\"300\" height=\"225\" srcset=\"https:\/\/jck.nu\/wp-content\/uploads\/2017\/11\/verkstad-300x225.jpg 300w, https:\/\/jck.nu\/wp-content\/uploads\/2017\/11\/verkstad-233x175.jpg 233w, https:\/\/jck.nu\/wp-content\/uploads\/2017\/11\/verkstad.jpg 640w\" sizes=\"(max-width: 300px) 100vw, 300px\" \/><\/a><\/p>\n<p>V\u00e4lkommen till JCK Verkstad. Vi \u00e4r en lokal bilverkstad som arbetar med den senaste tekniken som en bilverkstad ska g\u00f6ra. Vi jobbar h\u00e5rt f\u00f6r att f\u00f6rb\u00e4ttra oss och f\u00f6r att v\u00e5ra medarbetare skall ha tillg\u00e5ng till den senaste informationen f\u00f6r att utf\u00f6ra sitt jobb s\u00e5 bra som m\u00f6jligt. Vi skiljer oss \u00e5t fr\u00e5n m\u00e5nga av v\u00e5ra konkurrenter genom att till\u00e4mpa en milj\u00f6policy som pr\u00e4glar alla delar av f\u00f6retaget.<\/p>\n<p>Med den senaste tekniken och avancerade instrument och specialprogram f\u00f6r de bilm\u00e4rken vi arbetar med s\u00e5 garanterar vi b\u00e4sta t\u00e4nkbara service till dig som kund.<br \/>\nV\u00e4lkommen in till oss p\u00e5 JCK verkstad s\u00e5 hj\u00e4lper vi dig!<\/p>\n","protected":false},"excerpt":{"rendered":"<p>V\u00e4lkommen till JCK Verkstad. Vi \u00e4r en lokal bilverkstad som arbetar med den senaste tekniken som en bilverkstad ska g\u00f6ra. Vi jobbar h\u00e5rt f\u00f6r att f\u00f6rb\u00e4ttra oss och f\u00f6r att v\u00e5ra medarbetare skall ha tillg\u00e5ng till den senaste informationen f\u00f6r att utf\u00f6ra sitt jobb s\u00e5 bra som m\u00f6jligt. Vi skiljer oss \u00e5t fr\u00e5n m\u00e5nga av<\/p>\n","protected":false},"author":1,"featured_media":12,"parent":0,"menu_order":0,"comment_status":"closed","ping_status":"closed","template":"","meta":[],"_links":{"self":[{"href":"https:\/\/jck.nu\/index.php?rest_route=\/wp\/v2\/pages\/5"}],"collection":[{"href":"https:\/\/jck.nu\/index.php?rest_route=\/wp\/v2\/pages"}],"about":[{"href":"https:\/\/jck.nu\/index.php?rest_route=\/wp\/v2\/types\/page"}],"author":[{"embeddable":true,"href":"https:\/\/jck.nu\/index.php?rest_route=\/wp\/v2\/users\/1"}],"replies":[{"embeddable":true,"href":"https:\/\/jck.nu\/index.php?rest_route=%2Fwp%2Fv2%2Fcomments&post=5"}],"version-history":[{"count":2,"href":"https:\/\/jck.nu\/index.php?rest_route=\/wp\/v2\/pages\/5\/revisions"}],"predecessor-version":[{"id":13,"href":"https:\/\/jck.nu\/index.php?rest_route=\/wp\/v2\/pages\/5\/revisions\/13"}],"wp:featuredmedia":[{"embeddable":true,"href":"https:\/\/jck.nu\/index.php?rest_route=\/wp\/v2\/media\/12"}],"wp:attachment":[{"href":"https:\/\/jck.nu\/index.php?rest_route=%2Fwp%2Fv2%2Fmedia&parent=5"}],"curies":[{"name":"wp","href":"https:\/\/api.w.org\/{rel}","templated":true}]}}